{"id":39,"date":"2024-10-28T16:15:40","date_gmt":"2024-10-28T22:15:40","guid":{"rendered":"https:\/\/ferdan.com.gt\/wp\/home\/"},"modified":"2024-11-04T09:13:52","modified_gmt":"2024-11-04T15:13:52","slug":"home","status":"publish","type":"page","link":"https:\/\/ferdan.com.gt\/wp\/","title":{"rendered":"Inicio"},"content":{"rendered":"\n\n\n\n<h2>Pregunta por nuestras Marcas<\/h2>\n\n\n\n\n\n<p>Lorem Ipsum has been the industry&#8217;s standard dummy text ever since the 1500s.<\/p>\n\n\n\n<h3>\u00bfPor qu\u00e9 IQ, OQ y PQ son tan importantes en la fabricaci\u00f3n de productos sanitarios?<\/h3>\n\n\n<p>El fabricante debe realizar las validaciones IQ, OQ y PQ siguiendo las normas FDA e ISO, as\u00ed como otras normativas regulatorias pertinentes. La GHTF (Global Harmonization Task Force) proporciona una gu\u00eda que detalla las acciones a seguir. Este documento est\u00e1 armonizado a nivel internacional y es reconocido tanto por la FDA como por la ISO.<\/p>\n\n\n\n\n\n\n\n","protected":false},"excerpt":{"rendered":"","protected":false},"author":0,"featured_media":0,"parent":0,"menu_order":0,"comment_status":"closed","ping_status":"closed","template":"","meta":{"pagelayer_contact_templates":[],"_pagelayer_content":"","footnotes":""},"class_list":["post-39","page","type-page","status-publish","hentry"],"_links":{"self":[{"href":"https:\/\/ferdan.com.gt\/wp\/wp-json\/wp\/v2\/pages\/39","targetHints":{"allow":["GET"]}}],"collection":[{"href":"https:\/\/ferdan.com.gt\/wp\/wp-json\/wp\/v2\/pages"}],"about":[{"href":"https:\/\/ferdan.com.gt\/wp\/wp-json\/wp\/v2\/types\/page"}],"replies":[{"embeddable":true,"href":"https:\/\/ferdan.com.gt\/wp\/wp-json\/wp\/v2\/comments?post=39"}],"version-history":[{"count":4,"href":"https:\/\/ferdan.com.gt\/wp\/wp-json\/wp\/v2\/pages\/39\/revisions"}],"predecessor-version":[{"id":112,"href":"https:\/\/ferdan.com.gt\/wp\/wp-json\/wp\/v2\/pages\/39\/revisions\/112"}],"wp:attachment":[{"href":"https:\/\/ferdan.com.gt\/wp\/wp-json\/wp\/v2\/media?parent=39"}],"curies":[{"name":"wp","href":"https:\/\/api.w.org\/{rel}","templated":true}]}}